{"id":195,"date":"2023-10-23T15:02:47","date_gmt":"2023-10-23T13:02:47","guid":{"rendered":"https:\/\/ambankara.esteri.it\/?page_id=195"},"modified":"2025-06-23T11:50:54","modified_gmt":"2025-06-23T09:50:54","slug":"visti","status":"publish","type":"page","link":"https:\/\/ambankara.esteri.it\/it\/servizi-consolari-e-visti\/servizi-per-il-cittadino-straniero\/visti\/","title":{"rendered":"Visti"},"content":{"rendered":"<p>A partire dal 25 settembre 2014 l\u2019Ufficio visti dell\u2019Ambasciata d\u2019Italia \u00e8 collegato al\u00a0<a href=\"https:\/\/www.esteri.it\/it\/servizi-consolari-e-visti\/ingressosoggiornoinitalia\/vis\/\">VIS<\/a>\u00a0(Visa Information System).<\/p>\n<p>Informazioni generali su normativa, tipologia e requisiti dei visti d\u2019 ingresso in Italia sono disponibili sul sito\u00a0<a href=\"https:\/\/vistoperitalia.esteri.it\/home.aspx\">Il Visto per l\u2019Italia<\/a>\u00a0del Ministero degli Affari Esteri Italiano.<\/p>\n<p style=\"color: #ff0000; text-align: justify;\"><strong>INFORMAZIONI <\/strong><\/p>\n<p>Per informazioni \u00e8 possibile contattare il\u00a0<a href=\"https:\/\/ambankara.esteri.it\/it\/chi-siamo\/contatti\/\"><strong>centralino<\/strong><\/a><strong>\u00a0dell\u2019Ambasciata<\/strong>\u00a0ogni giorno lavorativo dalle 09.00 alle 13.00 e dalle 14:00 alle 17:00, oppure scrivere un\u2019email a\u00a0<a href=\"mailto:visti.ambankara@esteri.it\">visti.ambankara@esteri.it<\/a>\u00a0o\u00a0<a href=\"mailto:ankara.vize@esteri.it\">ankara.vize@esteri.it<\/a>.<\/p>\n<p>\u00c8 possibile contattare il\u00a0<strong>call center di iDATA\/VFS<\/strong>\u00a0al numero\u00a0<strong>0850 4608493\u00a0<\/strong>ogni giorno lavorativo dalle 08:30 alle 12:30 e dalle 13:30 alle 18:00. iDATA\/VFS\u00a0\u00e8 una societ\u00e0 privata, autorizzata a ricevere le domande di visto. I servizi telefonici sono offerti da IDATA gratuitamente e sono soggetti al solo costo ordinario della telefonata.<\/p>\n<p style=\"color: #ff0000; text-align: justify;\"><strong>PRESENTARE DOMANDA DI VISTO<\/strong><\/p>\n<p>Per richiedere un visto presso l\u2019Ambasciata d\u2019Italia ad Ankara, i cittadini turchi e stranieri <strong>regolarmente residenti nella circoscrizione consolare<\/strong> (province di Ankara, Bolu, \u00c7ank\u0131r\u0131, Eski\u015fehir, K\u0131r\u015fehir, K\u0131r\u0131kkale, Hatay, Kahramanmara\u015f, Osmaniye, Gaziantep, Kilis, \u015eanl\u0131urfa, Malatya, Ad\u0131yaman, Elaz\u0131\u011f, Diyarbak\u0131r, Tunceli, Mardin, Bing\u00f6l, Batman, Mu\u015f, Bitlis, Siirt, \u015e\u0131rnak, A\u011fr\u0131, Hakkari, Van) devono <strong>prenotare un appuntamento.<\/strong><\/p>\n<p>Le domande di visto devono essere presentate nella <strong>circoscrizione in cui si \u00e8 residenti<\/strong>.<\/p>\n<ol>\n<li>\u00c8 possibile usufruire del servizio di outsourcing gestito dalla\u00a0<strong>societ\u00e0 iDATA\/VFS\u00a0<\/strong>prenotando un appuntamento dal sito\u00a0<a href=\"https:\/\/www.idata.com.tr\/ita\/tr\">https:\/\/www.idata.com.tr\/ita\/tr<\/a>. Per informazioni \u00e8 possibile contattare il call center al numero\u00a0<strong>0850 4608493\u00a0<\/strong>ogni giorno lavorativo dalle 08:30 alle 12:30 e dalle 13:30 alle 18:00. iDATA\/VFS\u00a0\u00e8 una societ\u00e0 privata, autorizzata a ricevere le domande di visto. La valutazione e la decisione in merito alle stesse sono comunque di totale competenza dell\u2019Ambasciata.<\/li>\n<li>Il ricorso al fornitore esterno non \u00e8 obbligatorio, pertanto \u00e8 altres\u00ec possibile prenotare un\u00a0<strong>appuntamento in Ambasciata <\/strong>utilizzando il portale\u00a0<a href=\"https:\/\/prenotami.esteri.it\/\">Prenot@mi<\/a>. Gli appuntamenti sono disponibili il mercoled\u00ec dalle 9.00 alle 11.00.<\/li>\n<li><strong>I\u00a0<u>congiunti di cittadini italiani ed UE\u00a0<\/u>sono invitati a prendere appuntamento direttamente con l\u2019Ambasciata scrivendo un\u2019e-mail all\u2019indirizzo\u00a0<\/strong><a href=\"mailto:visti.ambankara@esteri.it\"><strong>ambankara@esteri.it<\/strong><\/a><strong>o\u00a0<\/strong><a href=\"mailto:visti.ambankara@esteri.it\"><strong>vize@esteri.it<\/strong><\/a><\/li>\n<li><strong>Gli studenti possono contattare il call canter dedicato di iDATA al numero 0850 4600580.<\/strong><\/li>\n<\/ol>\n<p><strong>Si consiglia di presentare la domanda di visto con congruo anticipo rispetto alla data di partenza<\/strong>. Sono richiesti in media dieci (10) giorni lavorativi per l\u2019emissione del visto, ma vi possono essere variazioni nei tempi a seconda della cittadinanza del richiedente, della stagionalit\u00e0 e della tipologia del visto richiesto.<\/p>\n<p><strong>ATTENZIONE<\/strong> &#8211; Al fine di garantire un utilizzo corretto ed efficiente del sistema di appuntamenti e di tutelare i richiedenti visto, non \u00e8 possibile modificare la finalit\u00e0 del viaggio dopo aver fissato un appuntamento.<br \/>\nNel caso in cui venga rilevata una discrepanza tra la categoria di appuntamento selezionata e i documenti presentati per le domande di visto Schengen, la domanda non verr\u00e0 accettata. Pertanto, in caso di errore nella selezione della categoria al momento della prenotazione, l\u2019appuntamento dovr\u00e0 essere annullato e riprenotato nella categoria corretta corrispondente alla reale finalit\u00e0 del viaggio.<br \/>\nSi informa che la tariffa per il servizio iData pagata per un appuntamento prenotato nella categoria errata non \u00e8 rimborsabile e che sar\u00e0 necessario effettuare un nuovo pagamento per un appuntamento prenotato nella categoria corretta.<\/p>\n<p style=\"color: #ff0000; text-align: justify;\"><strong>COSTI<\/strong><\/p>\n<p>L\u2019importo per il trattamento della domanda di visto deve essere corrisposto al momento della presentazione della domanda in\u00a0<strong>lire turche ed esclusivamente in contanti<\/strong>, secondo le vigenti\u00a0<a href=\"https:\/\/ambankara.esteri.it\/it\/servizi-consolari-e-visti\/servizi-per-il-cittadino-italiano\/tariffe-consolari\/\"><strong>tariffe consolari<\/strong><\/a>.<\/p>\n<p>Per la presentazione delle domande di visto presso la societ\u00e0 iDATA\/VFS \u00e8 previsto un\u00a0<a href=\"https:\/\/www.idata.com.tr\/ita\/it\/p\/costi-ita\"><strong>costo<\/strong><\/a>\u00a0che non comprende il diritto amministrativo per il visto; l\u2019importo in lire turche pu\u00f2 essere pagato anche con carta di credito.<\/p>\n<p>L\u2019importo dovuto verr\u00e0 introitato anche nel caso di rifiuto del visto in quanto esso non \u00e8 dovuto per l\u2019emissione del visto ma per la trattazione amministrativa della pratica.<\/p>\n<p>Si fa presente ai richiedenti che\u00a0<strong>non esiste il pagamento di diritti d\u2019urgenza<\/strong>\u00a0per il visto d\u2019ingresso.<\/p>\n<p style=\"color: #ff0000; text-align: justify;\"><strong>REQUISITI <\/strong><\/p>\n<p>Si informa che le norme italiane in materia di visto di ingresso (Art. 5C 1 DPR 394\/1999) prevedono che le domande di visti nazionali siano presentate nel paese di stabile residenza. Pertanto\u00a0<strong>non saranno considerate ricevibili le domande di visto di lunga durata presentate da titolari di permessi di soggiorno in Turchia temporanei per turismo<\/strong>\u00a0(<strong>short term<\/strong>).<\/p>\n<p>Si informano tutti i coloro i quali abbiano soggiornato per oltre 4 settimane, a partire dal 1 gennaio 2017, nei seguenti Paesi (Somalia, Afghanistan, Pakistan, Nigeria, Siria, Repubblica Democratica del Congo e Kenia) che \u00e8 obbligatorio presentare, unitamente al resto della documentazione richiesta, anche un\u00a0<strong>certificato internazionale di vaccinazione contro la poliomielite<\/strong>, che attesti l\u2019effettuazione di una dose di vaccino antipolio tra le 4 settimane ed i 6 mesi precedenti all\u2019inizio del soggiorno in questione.<\/p>\n<p>Si invitano i richiedenti a consultare la Direttiva Min. Interno 1\/3\/00 con riferimento ai<strong>\u00a0<\/strong><a href=\"https:\/\/vistoperitalia.esteri.it\/Moduli\/it\/Direttiva_MinInterno_1-3-2000.pdf\"><strong>mezzi di sostentamento<\/strong><\/a>\u00a0richiesti.<\/p>\n<p>Si fa presente ai richiedenti visto l\u2019<strong>obbligo di denuncia\u00a0<\/strong>all\u2019Autorit\u00e0 giudiziaria italiana\u00a0<strong>in caso di presentazione di documentazione falsa<\/strong>\u00a0ai sensi dell\u2019art. 331 c.p.p.<\/p>\n<p style=\"color: #ff0000; text-align: justify;\"><strong>DOCUMENTAZIONE<\/strong><\/p>\n<p style=\"color: #ff0000; text-align: justify;\"><strong><u>VISTI SCHENGEN<\/u><\/strong><\/p>\n<p>Scarica la\u00a0<a href=\"https:\/\/ambankara.esteri.it\/wp-content\/uploads\/2023\/06\/Nota-informativa-ENG.pdf\"><strong>Nota informativa<\/strong><\/a>\u00a0ed il\u00a0<a href=\"https:\/\/ambankara.esteri.it\/wp-content\/uploads\/2024\/06\/DOMANDA-VISTO-C-2024.pdf\"><strong>modulo di domanda per visti Schengen<\/strong><\/a>. Controlla che il modulo di domanda sia compilato correttamente, come\u00a0<a href=\"https:\/\/ambankara.esteri.it\/wp-content\/uploads\/2024\/08\/DOMANDA-VISTO-C-modello-precompilato.pdf\"><strong>qui<\/strong><\/a>!<\/p>\n<ul>\n<li>Lista della documentazione necessaria per richiedere un visto per\u00a0<strong>\u201c<\/strong><a href=\"https:\/\/ambankara.esteri.it\/wp-content\/uploads\/2025\/03\/Affari.pdf\"><strong>Affari<\/strong><\/a><strong>\u201d\u00a0<\/strong>e\u00a0<a href=\"https:\/\/ambankara.esteri.it\/wp-content\/uploads\/2023\/06\/lettera_invito_affari.doc\"><strong>modello di lettera di invito<\/strong><\/a><\/li>\n<li>Lista della documentazione necessaria per richiedere un visto per \u201c<a href=\"https:\/\/ambankara.esteri.it\/wp-content\/uploads\/2025\/03\/Turismo-e-turismo-visita-familiare-e-amici.pdf\"><strong>Turismo e Turismo \u2013 visita a familiari o amici<\/strong><\/a>\u201d (<a href=\"https:\/\/ambankara.esteri.it\/wp-content\/uploads\/2023\/05\/dichiarazione_ospitalita.pdf\"><strong>modello di dichiarazione di ospitalita\u2019<\/strong><\/a><strong><u>)<\/u><\/strong><\/li>\n<li>Lista della documentazione necessaria per richiedere un visto per \u201c<a href=\"https:\/\/ambankara.esteri.it\/wp-content\/uploads\/2024\/07\/TRASPORTO.pdf\"><strong>Trasporto<\/strong><\/a>\u201d<\/li>\n<li>Lista della documentazione necessaria per richiedere un visto per \u201c<a href=\"https:\/\/ambankara.esteri.it\/wp-content\/uploads\/2024\/07\/STUDIO-GENERICO-C.pdf\"><strong>Studio<\/strong><\/a>\u201d (<u>corsi di durata inferiore ai 90 giorni<\/u>)<\/li>\n<li>Lista della documentazione necessaria per richiedere un visto per \u201c<a href=\"https:\/\/ambankara.esteri.it\/wp-content\/uploads\/2024\/07\/RICERCA-1.pdf\"><strong>Ricerca<\/strong><\/a>\u201d (<u>durata inferiore ai 90 giorni<\/u>)<\/li>\n<li>Lista della documentazione necessaria per richiedere un visto per \u201c<a href=\"https:\/\/ambankara.esteri.it\/wp-content\/uploads\/2024\/10\/Marittimi-transito.pdf\"><strong>Transito \u2013 marittimi (gente di mare) e addetti ai servizi complementari<\/strong><\/a>\u201c<\/li>\n<\/ul>\n<p>&nbsp;<\/p>\n<p style=\"color: #ff0000; text-align: justify;\"><strong><u>VISTI NAZIONALI<\/u><\/strong><\/p>\n<p>Scarica la\u00a0<a href=\"https:\/\/ambankara.esteri.it\/wp-content\/uploads\/2023\/06\/Nota-informativa-ENG.pdf\"><strong>Nota informativa<\/strong><\/a>\u00a0ed il<strong>\u00a0<\/strong><a href=\"https:\/\/ambankara.esteri.it\/wp-content\/uploads\/2023\/05\/formulario_nazionale-recente.pdf\"><strong>modulo di domanda per visti nazionali<\/strong><\/a>.<\/p>\n<ul>\n<li>Lista della documentazione necessaria per richiedere un visto per \u201c<a href=\"https:\/\/ambankara.esteri.it\/wp-content\/uploads\/2025\/06\/Studio-D-immatricolazione.pdf\"><strong>Studio<\/strong><\/a>\u201d (<u>corsi di durata superiore ai 90 giorni<\/u>)<\/li>\n<li>Lista della documentazione necessaria per richiedere un visto per \u201c<strong><a href=\"https:\/\/www.idata.com.tr\/ita\/it\/p\/documentazione-necessaria-ita#\/\/\">Lavoro subordinato<\/a><\/strong>\u201d<\/li>\n<li>Lista della documentazione necessaria per richiedere un visto per \u201c<a href=\"https:\/\/ambankara.esteri.it\/wp-content\/uploads\/2024\/10\/Nomade-Digitale.pdf\"><strong>Nomadi digitali<\/strong><\/a>\u201d<\/li>\n<li>Lista della documentazione necessaria per richiedere un visto per \u201c<a href=\"https:\/\/ambankara.esteri.it\/wp-content\/uploads\/2024\/10\/Lavoratore-da-Remoto.pdf\"><strong>Lavoratori da remoto<\/strong><\/a>\u201d<\/li>\n<li>Lista della documentazione necessaria per richiedere un visto per \u201c<a href=\"https:\/\/ambankara.esteri.it\/wp-content\/uploads\/2024\/07\/RICERCA-1.pdf\"><strong>Ricerca<\/strong><\/a>\u201d (<u>durata superiore ai 90 giorni<\/u>)<\/li>\n<\/ul>\n<p>Per le altre categorie di visto, si prega di rivolgersi all\u2019Ambasciata, scrivendo a\u00a0<a href=\"mailto:visti.ambankara@esteri.it\"><strong>visti.ambankara@esteri.it<\/strong><\/a>\u00a0o\u00a0<a href=\"mailto:visti.ambankara@esteri.it\"><strong>ankara.vize@esteri.it<\/strong><\/a><\/p>\n<p>I moduli di domanda, i modelli di lettere d\u2019invito\/ospitalit\u00e0, le tariffe e la lista della documentazione da presentare per ciascuna tipologia di visto sono disponibili anche sul sito di\u00a0<strong>iDATA\/VFS<\/strong>\u00a0(clicca\u00a0<a href=\"https:\/\/idata.com.tr\/ita\/it\/p\/modulistica-ita\">qui<\/a>).<\/p>\n<p>L\u2019Ambasciata si riserva il diritto di richiedere ulteriore documentazione oltre a quanto espressamente indicato e la presentazione della documentazione richiesta non implica necessariamente il rilascio del visto.<\/p>\n<p style=\"color: #ff0000; text-align: justify;\"><strong>INTERVISTA CONSOLARE IN AMBASCIATA<\/strong><\/p>\n<p>I richiedenti che viaggiano per la prima volta in area Schengen saranno sottoposti ad un breve colloquio presso l\u2019Ufficio Visti dell\u2019Ambasciata. La data e l\u2019orario dell\u2019intervista sono assegnati da iDATA\/VFS in base al criterio \u201cfirst come, first serve.\u201d Per questo si raccomanda di presentare la propria richiesta di visto con congruo anticipo. Durante l\u2019intervista, l\u2019Ambasciata si riserva il diritto di richiedere ulteriore documentazione, ad integrazione di quella gi\u00e0 presentata, per acquisire ogni elemento ritenuto utile alla corretta valutazione della richiesta di visto.<\/p>\n<p style=\"color: #ff0000; text-align: justify;\"><strong>RITIRO DEL PASSAPORTO<\/strong><\/p>\n<p>Il richiedente pu\u00f2 verificare in ogni momento lo status della propria pratica attraverso il servizio \u201c<strong>Monitoraggio Richiesta<\/strong>\u201d, disponibile sul sito di\u00a0<strong>iDATA\/VFS<\/strong>\u00a0(clicca\u00a0<a href=\"https:\/\/www.idata.com.tr\/ita\/it\/p\/monitoraggio-richiesta-ita\">qui<\/a>).<br \/>\n<strong>Il passaporto pu\u00f2 essere ritirato presso\u00a0l\u2019ufficio iDATA\/VFS<\/strong>, o, per coloro che hanno presentato richiesta direttamente in Ambasciata, presso l\u2019Ufficio Visti, secondo le modalit\u00e0 e gli orari comunicati dal personale addetto.<\/p>\n<p style=\"color: #ff0000; text-align: justify;\"><strong>DIRITTI E DOVERI DELLO STRANIERO<\/strong><\/p>\n<p>Il cittadino straniero che intende recarsi in Italia, dopo la concessione del visto ottiene determinati diritti e deve sottostare a specifici doveri: consultali\u00a0<a href=\"https:\/\/ambankara.esteri.it\/wp-content\/uploads\/2024\/08\/Diritti-e-doveri-ITA-ENG.pdf\">qui<\/a>.<\/p>\n<p style=\"color: #ff0000; text-align: justify;\"><strong>INFORMATIVA SULLA PRIVACY<\/strong><\/p>\n<p>Prima di presentare domanda di visto, si raccomanda all\u2019utenza un\u2019attenta lettura dell\u2019informativa sulla protezione delle persone fisiche con riguardo al trattamento dei dati personali ai fini del rilascio di un visto d\u2019ingresso in Italia e nell\u2019area Schengen, disponibile cliccando\u00a0<a href=\"https:\/\/ambankara.esteri.it\/wp-content\/uploads\/2023\/05\/allegato_protezione_dati_personali.pdf\">qui<\/a>.<\/p>\n<p style=\"color: #ff0000; text-align: justify;\"><strong>DOMANDE FREQUENTI<\/strong><\/p>\n<p>Nella sezione\u00a0<strong>\u201c<\/strong><a href=\"https:\/\/ambankara.esteri.it\/wp-content\/uploads\/2025\/02\/website-amb-FAQ.pdf\">domande frequenti<\/a><strong>\u201d<\/strong>\u00a0sono disponibili le risposte a molti quesiti relativi alle diverse categorie di visto.<\/p>\n","protected":false},"excerpt":{"rendered":"A partire dal 25 settembre 2014 l\u2019Ufficio visti dell\u2019Ambasciata d\u2019Italia \u00e8 collegato al\u00a0VIS\u00a0(Visa Information System). Informazioni generali su normativa, tipologia e requisiti dei visti d\u2019 ingresso in Italia sono disponibili sul sito\u00a0Il Visto per l\u2019Italia\u00a0del Ministero degli Affari Esteri Italiano. INFORMAZIONI Per informazioni \u00e8 possibile contattare il\u00a0centralino\u00a0dell\u2019Ambasciata\u00a0ogni giorno lavorativo dalle 09.00 alle 13.00 e dalle [&hellip;]","protected":false},"author":3,"featured_media":0,"parent":79,"menu_order":1,"comment_status":"closed","ping_status":"closed","template":"","meta":{"footnotes":""},"class_list":["post-195","page","type-page","status-publish","hentry"],"_links":{"self":[{"href":"https:\/\/ambankara.esteri.it\/it\/wp-json\/wp\/v2\/pages\/195","targetHints":{"allow":["GET"]}}],"collection":[{"href":"https:\/\/ambankara.esteri.it\/it\/wp-json\/wp\/v2\/pages"}],"about":[{"href":"https:\/\/ambankara.esteri.it\/it\/wp-json\/wp\/v2\/types\/page"}],"author":[{"embeddable":true,"href":"https:\/\/ambankara.esteri.it\/it\/wp-json\/wp\/v2\/users\/3"}],"replies":[{"embeddable":true,"href":"https:\/\/ambankara.esteri.it\/it\/wp-json\/wp\/v2\/comments?post=195"}],"version-history":[{"count":7,"href":"https:\/\/ambankara.esteri.it\/it\/wp-json\/wp\/v2\/pages\/195\/revisions"}],"predecessor-version":[{"id":6494,"href":"https:\/\/ambankara.esteri.it\/it\/wp-json\/wp\/v2\/pages\/195\/revisions\/6494"}],"up":[{"embeddable":true,"href":"https:\/\/ambankara.esteri.it\/it\/wp-json\/wp\/v2\/pages\/79"}],"wp:attachment":[{"href":"https:\/\/ambankara.esteri.it\/it\/wp-json\/wp\/v2\/media?parent=195"}],"curies":[{"name":"wp","href":"https:\/\/api.w.org\/{rel}","templated":true}]}}