{"id":1822,"date":"2023-09-15T09:07:22","date_gmt":"2023-09-15T07:07:22","guid":{"rendered":"https:\/\/ambankara.esteri.it\/?page_id=1822"},"modified":"2025-12-08T08:46:16","modified_gmt":"2025-12-08T07:46:16","slug":"meeturkitaly-un-ciclo-di-incontri-a-cura-dellambasciata-ditalia-ad-ankara","status":"publish","type":"page","link":"https:\/\/ambankara.esteri.it\/it\/italia-e-turchia\/diplomazia-economica\/meeturkitaly-un-ciclo-di-incontri-a-cura-dellambasciata-ditalia-ad-ankara\/","title":{"rendered":"&#8220;Meet\u00fcrkitaly&#8221;: un ciclo di incontri a cura dell&#8217;Ambasciata d&#8217;Italia ad Ankara"},"content":{"rendered":"<figure id=\"attachment_1823\" aria-describedby=\"caption-attachment-1823\" style=\"width: 576px\" class=\"wp-caption alignnone\"><img loading=\"lazy\" decoding=\"async\" class=\"size-full wp-image-1823 img-fluid\" src=\"https:\/\/ambankara.esteri.it\/wp-content\/uploads\/2023\/09\/meetturkitaly.png\" alt=\"\" width=\"576\" height=\"393\" srcset=\"https:\/\/ambankara.esteri.it\/wp-content\/uploads\/2023\/09\/meetturkitaly.png 576w, https:\/\/ambankara.esteri.it\/wp-content\/uploads\/2023\/09\/meetturkitaly-300x205.png 300w\" sizes=\"auto, (max-width: 576px) 100vw, 576px\" \/><figcaption id=\"caption-attachment-1823\" class=\"wp-caption-text\">Il logo del ciclo di incontri<\/figcaption><\/figure>\n<p>****************************************************************************<\/p>\n<ul>\n<li>26 ottobre 2022: un <a href=\"http:\/\/cronacheeconomiche.com\/contenuto\/5nasce-meeturkitaly-il-nuovoformat-dellambasciata-ditalia-ad-ankara-con-lobiettivo-di-riunire-periodicamente-personalita-del-mondo-imprenditoriale-finanziario-culturale-scientifico-sanitario-e-sportivo-italiano-e-turco-per-intercettare-idee-nu\">dialogo<\/a> con Nerio Alessandri<\/li>\n<li>30 novembre 2022: un <a href=\"https:\/\/ambankara.esteri.it\/it\/news\/dall_ambasciata\/2022\/11\/meeturkitaly-terim-antognoni\/\">dialogo<\/a> con Fatih Terim e Giancarlo Antognoni<\/li>\n<li>24 marzo 2023: un <a href=\"https:\/\/www.cciist.com\/a\/meeturkitaly-24-mart-2023\">dialogo<\/a> con Sandro Veronesi<\/li>\n<li>7 giugno 2023: un <a href=\"https:\/\/www.aa.com.tr\/tr\/kultur\/meeturkitaly-programinin-dorduncusu-istanbuldaki-italya-baskonsoloslugunda-yapildi\/2916441\">dialogo<\/a> con Oscar Farinetti<\/li>\n<li>15 settembre 2023: un <a href=\"https:\/\/x.com\/ItalyinTurkey\/status\/1703771889145974873?s=20\">dialogo<\/a> con Aldo Cazzullo<\/li>\n<li>6 novembre 2023: un <a href=\"https:\/\/www.dailysabah.com\/arts\/italian-master-goldsmith-with-midas-touch-gerardo-sacco-in-istanbul\/news\">dialogo<\/a> con Gerardo Sacco<\/li>\n<li>15 novembre 2023: un <a href=\"https:\/\/www.ansa.it\/sito\/notizie\/mondo\/news_dalle_ambasciate\/2023\/11\/21\/successo-in-turchia-per-la-settimana-della-cucina-italiana_3144ff35-c22a-41fd-8685-3e79b47be874.html\">dialogo<\/a> con Francesco Span\u00f2<\/li>\n<li>24 gennaio 2024: un <a href=\"https:\/\/www.aa.com.tr\/tr\/ekonomi\/thy-genel-muduru-eksi-sekizinci-meeturkitaly-etkinliginin-konugu-oldu\/3117921\">dialogo<\/a> con Bilal Ek\u015fi<\/li>\n<li>19 febbraio 2024: un <a href=\"https:\/\/www.ansa.it\/sito\/notizie\/mondo\/news_dalle_ambasciate\/2024\/02\/20\/litaliana-locman-presenta-la-storia-dei-suoi-orologi-a-istanbul_177c542f-7097-48a3-9c5c-dd52072170da.html\">dialogo<\/a> con Marco Mantovani<\/li>\n<li>13 maggio 2024: un <a href=\"https:\/\/www.ansa.it\/sito\/notizie\/mondo\/news_dalle_ambasciate\/2024\/05\/15\/turchia-ambasciata-ditalia-organizza-evento-sul-climate-change_e34c1a85-825b-4e1c-b99a-e62012879f9c.html\">dialogo<\/a> con Grammenos Mastrojeni e \u015eebnem Ak\u00e7apar, moderato da Armando Guastella<\/li>\n<li>11 settembre 2024: un <a href=\"https:\/\/www.ansa.it\/english\/news\/news_from_embassies\/2024\/09\/13\/montella-and-santarelli-at-istanbul-sports-day_96f8b4dc-c541-4074-bff3-fb664b09bfeb.html\">dialogo<\/a> con Vincenzo Montella e Daniele Santarelli, moderato da Deniz Aksoy<\/li>\n<li>5 novembre 2024: un <a href=\"https:\/\/www.ansa.it\/sito\/notizie\/mondo\/news_dalle_ambasciate\/2024\/11\/07\/la-storica-azienda-amarelli-protagonista-di-eventi-in-turchia_0b078a03-ed6c-456b-b3c3-cebd7cfbbae9.html\">dialogo<\/a> con Pina Mengano Amarelli<\/li>\n<li>6 novembre 2024: un <a href=\"https:\/\/ambankara.esteri.it\/it\/news\/dall_ambasciata\/2024\/11\/liquirizie-amarelli-in-turchia-tradizione-cultura-salute-ed-imprenditoria-femminile-al-centro-di-una-nuova-straordinaria-tappa-di-meeturkitaly\/\">dialogo<\/a> con Pina Mengano Amarelli e Banu K\u00fc\u00e7\u00fckel, moderato da Beril \u00c7avu\u015fo\u011flu<\/li>\n<li>30 gennaio 2025: un <a href=\"https:\/\/www.ansa.it\/english\/news\/news_from_embassies\/2025\/01\/31\/event-on-family-business-as-an-economic-model-in-istanbul_c59d392e-915d-4c1c-80d2-7eef966f31ba.html\">dialogo<\/a> con Alessandro Scaglione<\/li>\n<li>19 febbraio 2025: un <a href=\"https:\/\/www.giornalediplomatico.it\/turchia-via-a-festival-capitali-della-creativita-italiana-nel-mondo.htm\">dialogo<\/a> con Sofia Crociani<\/li>\n<li>19 settembre 2025: un <a href=\"https:\/\/www.ansa.it\/sito\/notizie\/mondo\/news_dalle_ambasciate\/2025\/09\/20\/il-kaftano-tra-sicilia-e-turchia-a-istanbul-lo-stilista-ferraro_28152234-0900-41b7-93f6-88737641c395.html\">dialogo<\/a> con Elio Ferraro<\/li>\n<li>29 settembre 2025: un <a href=\"https:\/\/www.aise.it\/rete-diplomatica\/la-2%C2%AA-giornata-dello-sport-italiano-nel-mondo-in-turchia\/224240\/1\">dialogo<\/a> con Alice Bellandi e Matteo Lodo , moderato da Deniz Aksoy<\/li>\n<li>8 ottobre: un <a href=\"https:\/\/www.ansa.it\/canale_saluteebenessere\/notizie\/sanita\/2025\/10\/10\/a-istanbul-evento-sulla-ricerca-biotecnologica-italiana_9702ca70-859d-4083-8659-f46b18af7655.html\">dialogo<\/a> con Ugo Di Francesco<\/li>\n<\/ul>\n","protected":false},"excerpt":{"rendered":"**************************************************************************** 26 ottobre 2022: un dialogo con Nerio Alessandri 30 novembre 2022: un dialogo con Fatih Terim e Giancarlo Antognoni 24 marzo 2023: un dialogo con Sandro Veronesi 7 giugno 2023: un dialogo con Oscar Farinetti 15 settembre 2023: un dialogo con Aldo Cazzullo 6 novembre 2023: un dialogo con Gerardo Sacco 15 novembre 2023: [&hellip;]","protected":false},"author":9,"featured_media":0,"parent":73,"menu_order":3,"comment_status":"closed","ping_status":"closed","template":"","meta":{"footnotes":""},"class_list":["post-1822","page","type-page","status-publish","hentry"],"_links":{"self":[{"href":"https:\/\/ambankara.esteri.it\/it\/wp-json\/wp\/v2\/pages\/1822","targetHints":{"allow":["GET"]}}],"collection":[{"href":"https:\/\/ambankara.esteri.it\/it\/wp-json\/wp\/v2\/pages"}],"about":[{"href":"https:\/\/ambankara.esteri.it\/it\/wp-json\/wp\/v2\/types\/page"}],"author":[{"embeddable":true,"href":"https:\/\/ambankara.esteri.it\/it\/wp-json\/wp\/v2\/users\/9"}],"replies":[{"embeddable":true,"href":"https:\/\/ambankara.esteri.it\/it\/wp-json\/wp\/v2\/comments?post=1822"}],"version-history":[{"count":6,"href":"https:\/\/ambankara.esteri.it\/it\/wp-json\/wp\/v2\/pages\/1822\/revisions"}],"predecessor-version":[{"id":6934,"href":"https:\/\/ambankara.esteri.it\/it\/wp-json\/wp\/v2\/pages\/1822\/revisions\/6934"}],"up":[{"embeddable":true,"href":"https:\/\/ambankara.esteri.it\/it\/wp-json\/wp\/v2\/pages\/73"}],"wp:attachment":[{"href":"https:\/\/ambankara.esteri.it\/it\/wp-json\/wp\/v2\/media?parent=1822"}],"curies":[{"name":"wp","href":"https:\/\/api.w.org\/{rel}","templated":true}]}}