{"id":179,"date":"2023-05-01T08:01:56","date_gmt":"2023-05-01T06:01:56","guid":{"rendered":"https:\/\/ambankara.esteri.it\/?page_id=179"},"modified":"2023-05-25T08:54:30","modified_gmt":"2023-05-25T06:54:30","slug":"missioni-archeologiche","status":"publish","type":"page","link":"https:\/\/ambankara.esteri.it\/it\/italia-e-turchia\/diplomazia-culturale\/missioni-archeologiche\/","title":{"rendered":"Missioni archeologiche"},"content":{"rendered":"<p><img decoding=\"async\" class=\"alignnone size-medium wp-image-216 img-fluid\" src=\"https:\/\/ambankara.esteri.it\/wp-content\/uploads\/2022\/11\/teatro-di-Hierapolis.jpg\" alt=\"Teatro di Hierapolis\" width=\"700\" srcset=\"https:\/\/ambankara.esteri.it\/wp-content\/uploads\/2022\/11\/teatro-di-Hierapolis.jpg 1140w, https:\/\/ambankara.esteri.it\/wp-content\/uploads\/2022\/11\/teatro-di-Hierapolis-300x225.jpg 300w, https:\/\/ambankara.esteri.it\/wp-content\/uploads\/2022\/11\/teatro-di-Hierapolis-1024x768.jpg 1024w, https:\/\/ambankara.esteri.it\/wp-content\/uploads\/2022\/11\/teatro-di-Hierapolis-768x576.jpg 768w\" sizes=\"(max-width: 1140px) 100vw, 1140px\" \/><\/p>\n<p><strong>Le missioni archeologiche italiane in Turchia<\/strong><br \/>\nL\u2019archeologia \u00e8 uno strumento prezioso di diplomazia culturale e parte integrante della nostra strategia di cooperazione culturale a livello bilaterale. L\u2019Italia contribuisce ogni anno al finanziamento di numerose missioni archeologiche nel mondo, la maggior parte delle quali concentrate nell\u2019area mediorientale e nel Nord Africa. Per l\u2019Italia, infatti, promuovere una sempre pi\u00f9 stretta cooperazione culturale tra i Paesi del Mediterraneo significa incoraggiare il dialogo e favorire uno sviluppo sostenibile finalizzato al mantenimento della sicurezza e della pace. Si tratta di esperienze estremamente positive, che hanno visto una collaborazione molto intensa tra governi, universit\u00e0, ricercatori e imprese impegnate nel settore del restauro e della conservazione. Per quanto riguarda la cooperazione tra Italia e Turchia, nel 2020 il MAECI ha contribuito al sostegno di 11 missioni archeologiche, organizzate da alcune fra le pi\u00f9 prestigiose istituzioni italiane nel settore:<\/p>\n<p>1. La missione dell\u2019Universit\u00e0 della Tuscia si svolge in Turchia dal 1996. Dal 2006 ha luogo in Cappadocia, dove si svolge il progetto di conoscenza e valorizzazione del patrimonio pittorico della regione di Nevsehir e il progetto di restauro della chiesa di Tokali nell\u2019Open Air Museum di Goreme.\u00a0<a href=\"http:\/\/www.museovirtualecappadocia.it\/\">www.museovirtualecappadocia.it<\/a><\/p>\n<p>2. Il sito di Kinik Hoyuk (Nigde) \u00e8 stato individuato grazie alla ricognizione archeologica 2006-2009 dell\u2019Universit\u00e0 di Pavia. Successive indagini geo-fisiche vi hanno evidenziato la presenza di rimanenze monumentali; obiettivo per il 2018 \u00e8 la prosecuzione degli scavi degli strati risalenti all\u2019et\u00e0 del ferro.\u00a0<a href=\"http:\/\/www.kinikhoyuk.org\/index.html\">www.kinikhoyuk.org\/index.html<\/a><\/p>\n<p>3. Arslantepe, Turchia orientale, \u00e8 un grande tell di pi\u00f9 di 30 m di altezza, costituito da una lunga sequenza di abitati sovrapposti, dal V millennio a.C. all\u2019et\u00e0 bizantina. Lo scavo stratigrafico e in estensione della \u201cSapienza\u201d ha rivoluzionato le conoscenze sulla storia millenaria del sito e dell\u2019Alta Valle dell\u2019Eufrate.\u00a0<a href=\"http:\/\/www.arslantepe.com\/tr\/\">www.arslantepe.com\/tr\/<\/a><\/p>\n<p>4. La Missione Archeologica Italiana dell\u2019Universit\u00e0 del Salento opera a Hierapolis di Frigia dal 1957 senza soluzione di continuit\u00e0. Le indagini condotte nel centro antico e sui principali poli monumentali si distinguono per l\u2019applicazione di metodologie innovative di ricerca.\u00a0<a href=\"http:\/\/www.hierapolis.unisalento.it\/15\">www.hierapolis.unisalento.it\/15<\/a><\/p>\n<p>5. L\u2019Universit\u00e0 di Bologna realizza una campagna di scavi; restauri e prospezione topografico-fotogrammetrica a Karkemish (Karkamis H\u00f6y\u00fck, Gaziantep). Si occupa inoltre della realizzazione del Parco Archeologico di Karkemish e della manutenzione dei Parchi Archeologici di Tilmen H\u00f6y\u00fck e Tasli Ge\u00e7it H\u00f6y\u00fck (Islahiye, Gaziantep).<br \/>\nTilmen H\u00f6y\u00fck:\u00a0<a href=\"http:\/\/www.disci.unibo.it\/it\/ricerca\/archeologia\/missioni-archeologiche\/missioni-archeologiche-allestero\/tilmen-hoyuk-turchia\">http:\/\/www.disci.unibo.it\/it\/ricerca\/archeologia\/missioni-archeologiche\/missioni-archeologiche-allestero\/tilmen-hoyuk-turchia<\/a><\/p>\n<p>Karkemish:\u00a0<a href=\"http:\/\/www.disci.unibo.it\/it\/ricerca\/archeologia\/progetti-ricerca\/progetto-karkemish\">http:\/\/www.disci.unibo.it\/it\/ricerca\/archeologia\/progetti-ricerca\/progetto-karkemish<\/a><\/p>\n<p>6. Gli scavi dell\u2019Universit\u00e0 di Pisa nel sito di Ushakli H\u00f6y\u00fck sono finalizzati a portare alla luce la citt\u00e0 di Zippalanda, importante centro ittita. Lo scavo si concentra attualmente sul monumentale tempio dell\u2019Area A di et\u00e0 ittita e sulle mura della cittadella di et\u00e0 frigia.\u00a0<a href=\"http:\/\/usaklihoyuk.org\/\">http:\/\/usaklihoyuk.org\/<\/a><\/p>\n<p>7. L\u2019obiettivo del progetto della \u201cSapienza\u201d \u00e8 lo studio del sito di Elaiussa Sebaste in Cilicia Tracheia, con lo scopo di promuoverne la conoscenza e di garantirne la conservazione e la valorizzazione.<br \/>\nElaiussa Excavations (Instagram);\u00a0<a href=\"http:\/\/elaiussa.uniroma1.it\/\">http:\/\/elaiussa.uniroma1.it\/<\/a><\/p>\n<p>8. Tramite un\u2019indagine multidisciplinare la missione dell\u2019Universit\u00e0 di Pisa si propone la ricostruzione della storia di lungo periodo di Misis (antica Mopsuestia) in Cilicia, in Anatolia sudorientale, mirando anche alla conservazione delle sue strutture monumentali.\u00a0<a href=\"http:\/\/misis.isma.cnr.it\/\">http:\/\/misis.isma.cnr.it\/<\/a><\/p>\n<p>9. Il progetto di cooperazione tripartita, Italo-Turco-Tedesca, vede gli esperti dell\u2019Universit\u00e0 \u201cSuor Orsola Benincasa\u201d impegnati sul sito di Hattusa (monumento UNESCO) all\u2019applicazione d\u2019una nuova metodologia di studio e documentazione degli scavi archeologici.<\/p>\n<p>10. La missione di Yumuktepe dell\u2019Universit\u00e0 del Salento, giunta nel 2019 alla sua 27esima campagna di scavo, opera da tempo in uno dei siti pi\u00f9 antichi della Turchia nel cuore della citt\u00e0 di Mersin, con ricerche sull\u2019evoluzione delle civilt\u00e0 antiche della Cilicia, dalle pi\u00f9 precoci forme di economia di villaggio all\u2019et\u00e0 classica e medievale.<\/p>\n<p>11. Lo scavo di K\u00fcltepe-Kanesh, guidato dall\u2019Universit\u00e0 degli studi di Milano nella provincia Kayseri, nel cuore dell&#8217;Anatolia, \u00e8 stato avviato nel 2019 sulla base di un MoU generale e di un accordo di collaborazione scientifica quinquennali dell\u2019Universit\u00e0 di Milano con l&#8217;Universit\u00e0 di Ankara e la Missione Archeologica Turca, proprio in ragione dell&#8217;elevato interesse scientifico dell&#8217;indagine e delle importanti ricadute in loco in termini di attivit\u00e0 di didattica e formazione.<\/p>\n<p>Per approfondimenti:<\/p>\n<p><a href=\"https:\/\/www.esteri.it\/it\/diplomazia-culturale-e-diplomazia-scientifica\/cultura\/archeologiapatrimonioculturale\/\">https:\/\/www.esteri.it\/it\/diplomazia-culturale-e-diplomazia-scientifica\/cultura\/archeologiapatrimonioculturale\/<\/a><\/p>\n<p>&nbsp;<\/p>\n<p><strong>NEWS CORRELATE<\/strong><\/p>\n<p><a href=\"https:\/\/ambankara.esteri.it\/wp-content\/uploads\/2023\/04\/il-tempio-ellenistico-di-nigde.html\">24\/10\/18 Hierapolis\u00a0<\/a>|\u00a0<a href=\"https:\/\/ambankara.esteri.it\/wp-content\/uploads\/2023\/04\/il-tempio-ellenistico-di-nigde.html\">11\/09\/18 Tempio di Nigde<\/a><\/p>\n<p>&nbsp;<\/p>\n","protected":false},"excerpt":{"rendered":"Le missioni archeologiche italiane in Turchia L\u2019archeologia \u00e8 uno strumento prezioso di diplomazia culturale e parte integrante della nostra strategia di cooperazione culturale a livello bilaterale. L\u2019Italia contribuisce ogni anno al finanziamento di numerose missioni archeologiche nel mondo, la maggior parte delle quali concentrate nell\u2019area mediorientale e nel Nord Africa. Per l\u2019Italia, infatti, promuovere una [&hellip;]","protected":false},"author":3,"featured_media":0,"parent":72,"menu_order":2,"comment_status":"closed","ping_status":"closed","template":"","meta":{"footnotes":""},"class_list":["post-179","page","type-page","status-publish","hentry"],"_links":{"self":[{"href":"https:\/\/ambankara.esteri.it\/it\/wp-json\/wp\/v2\/pages\/179","targetHints":{"allow":["GET"]}}],"collection":[{"href":"https:\/\/ambankara.esteri.it\/it\/wp-json\/wp\/v2\/pages"}],"about":[{"href":"https:\/\/ambankara.esteri.it\/it\/wp-json\/wp\/v2\/types\/page"}],"author":[{"embeddable":true,"href":"https:\/\/ambankara.esteri.it\/it\/wp-json\/wp\/v2\/users\/3"}],"replies":[{"embeddable":true,"href":"https:\/\/ambankara.esteri.it\/it\/wp-json\/wp\/v2\/comments?post=179"}],"version-history":[{"count":0,"href":"https:\/\/ambankara.esteri.it\/it\/wp-json\/wp\/v2\/pages\/179\/revisions"}],"up":[{"embeddable":true,"href":"https:\/\/ambankara.esteri.it\/it\/wp-json\/wp\/v2\/pages\/72"}],"wp:attachment":[{"href":"https:\/\/ambankara.esteri.it\/it\/wp-json\/wp\/v2\/media?parent=179"}],"curies":[{"name":"wp","href":"https:\/\/api.w.org\/{rel}","templated":true}]}}