{"id":178,"date":"2023-05-01T08:01:12","date_gmt":"2023-05-01T06:01:12","guid":{"rendered":"https:\/\/ambankara.esteri.it\/?page_id=178"},"modified":"2025-12-08T08:47:11","modified_gmt":"2025-12-08T07:47:11","slug":"fare-affari-in-italia","status":"publish","type":"page","link":"https:\/\/ambankara.esteri.it\/it\/italia-e-turchia\/diplomazia-economica\/fare-affari-in-italia\/","title":{"rendered":"Fare affari in Italia"},"content":{"rendered":"<p>L\u2019Italia \u00e8 l\u2019ottava economia al mondo e il secondo Paese manifatturiero in Europa. Inoltre, l\u2019Italia costituisce il primo Paese per interscambio con la Turchia nell\u2019area del Mediterraneo e il secondo in Europa. Con una posizione strategica al centro del Mediterraneo, l\u2019Italia dispone di un know-how unico in moltissimi settori di punta, quali la meccanica, l\u2019automotive, la moda e il design, l\u2019agroalimentare.<\/p>\n<p>Se siete interessati a fare affari in Italia suggeriamo di visitare:<\/p>\n<p><a href=\"https:\/\/www.investinitaly.gov.it\/\"><strong>InvestinItaly.gov.it<\/strong><\/a> \u00e8 il nuovo portale in lingua inglese che presenta le principali opportunit\u00e0 di investimento in Italia in 13 settori strategici, fornendo informazioni su incentivi e adempimenti per l\u2019acquisizione di oltre 250 siti industriali immediatamente disponibili agli investitori.<\/p>\n<p><a href=\"https:\/\/investorvisa.mise.gov.it\/index.php\/it\/\"><strong>Investor Visa for Italy<\/strong><\/a> Come previsto dalla legge 11 dicembre 2016, n. 232, <em>Investor Visa for Italy<\/em> consente l\u2019ingresso e la permanenza di lunga durata in Italia ai cittadini non comunitari a fronte di un <strong>investimento<\/strong> o una <strong>donazione<\/strong> in Italia.<\/p>\n<p><em>Investor Visa for Italy<\/em> si caratterizza per <strong>soglie d\u2019investimento ridotte<\/strong> e per l\u2019<strong>assenza di requisiti minimi di residenza<\/strong>, essendo sufficiente l\u2019indicazione di un semplice indirizzo PEC.<\/p>\n<p>Per la presentazione della domanda i candidati possono accedere al portale dedicato, curato dal Ministero delle Imprese e del Made in Italy e disponibile in lingua inglese al link <a href=\"https:\/\/investorvisa.mise.gov.it\/index.php\/en\/\">https:\/\/investorvisa.mise.gov.it\/index.php\/en\/<\/a> .<\/p>\n<p>In particolare, il visto pu\u00f2 essere concesso per le seguenti categorie:<\/p>\n<ul>\n<li>2 milioni di euro in Titoli di Stato italiani con scadenza residua non inferiore ai due anni;<\/li>\n<li>500.000 euro in una societ\u00e0 di capitali;<\/li>\n<li>250.000 euro in una start-up innovativa inclusa nella lista ufficiale <a href=\"https:\/\/startup.registroimprese.it\/isin\/home\">https:\/\/startup.registroimprese.it\/isin\/home<\/a> aggiornata settimanalmente;<\/li>\n<li>donazione a carattere filantropico di almeno 1 milione di euro a sostegno di un progetto di pubblico interesse nei settori della cultura, istruzione, gestione dell\u2019immigrazione, ricerca scientifica, recupero di beni culturali e paesaggistici.<\/li>\n<\/ul>\n<p>I destinatari del visto ottengono un <strong>permesso di soggiorno per investitori<\/strong>, di durata biennale e rinnovabile per periodi di ulteriori di tre anni, per tutta la durata di mantenimento dell\u2019investimento.<\/p>\n<p>Per ulteriori informazioni, contattare <a href=\"mailto:visti.ambankara@esteri.it\">visti.ambankara@esteri.it<\/a><\/p>\n<p><a href=\"https:\/\/italiastartupvisa.mise.gov.it\/#homepage\"><strong>Italia Startup Visa<\/strong><\/a> \u00e8 un programma che \u00e8 stato lanciato dal Ministero dello Sviluppo Economico ed \u00e8 rivolto a tutti gli imprenditori provenienti da paesi non UE che hanno intenzione di ottenere un visto di ingresso per procedere alla costituzione di una startup innovativa sul territorio.<\/p>\n<p><strong>Istituzioni di riferimento\u00a0\u00a0\u00a0\u00a0 <\/strong><strong><br \/>\n<\/strong><a href=\"http:\/\/www.ice.gov.it\"><strong>ICE-Agenzia per la promozione all\u2019estero e l\u2019internazionalizzazione delle imprese italiane<\/strong><\/a> \u00e8 l\u2019Agenzia italiana che facilita l\u2019accesso delle imprese italiane al mercato globale alle imprese italiane, soprattutto le PMI. Con una rete globale di 79 Unit\u00e0 operative, fornisce assistenza, consulenza e promozione commerciale, personalizzate per ogni impresa e per il Sistema Italia. Le sue attivit\u00e0 mirano a facilitare gli affari internazionali, fornendo informazioni sulle opportunit\u00e0 commerciali, sugli investimenti e sulle gare internazionali, contribuendo cos\u00ec allo sviluppo economico del Paese.<\/p>\n<p><a href=\"http:\/\/www.unioncamere.gov.it\/\"><strong>Unione delle Camere di Commercio, Industria, Artigianato e Agricoltura<\/strong><\/a> \u00e8 il punto di riferimento per i settori produttivi a livello locale, nazionale e internazionale. Promuove e gestisce servizi per le Camere di commercio e le categorie economiche, sviluppa la collaborazione con la rete delle CCIE e facilita l\u2019accesso a programmi comunitari e accordi internazionali, promuovendo l\u2019Italia nel mondo con tecnologie avanzate.<\/p>\n<p><a href=\"http:\/\/www.cdp.it\"><strong>Cassa depositi e prestiti<\/strong><\/a>, controllata dal Ministero dell\u2019Economia e delle Finanze, utilizza il risparmio nazionale per la crescita economica. Collabora con istituzioni finanziarie internazionali per promuovere investimenti infrastrutturali. Favorisce relazioni con investitori esteri per sostenere l\u2019espansione delle imprese italiane oltre confine.<\/p>\n<p><a href=\"http:\/\/www.sace.it\"><strong>SACE \u2013 Servizi Assicurativi del Commercio Estero<\/strong><\/a><strong>: <\/strong>societ\u00e0 di assicurazione all\u2019esportazione con il sostegno del Ministero dell\u2019Economia, copre rischi politici, economici e commerciali per gli operatori italiani all\u2019estero. Favorisce le esportazioni delle PMI italiane, agevolando l\u2019accesso alle garanzie assicurative.<\/p>\n<p><a href=\"http:\/\/www.simest.it\"><strong>SIMEST \u2013 Finanziaria di sviluppo e promozione delle imprese italiane all\u2019estero<\/strong><\/a><strong>:<\/strong> societ\u00e0 controllata dal governo italiano, promuove e sostiene le attivit\u00e0 delle imprese italiane all\u2019estero, specialmente PMI, attraverso sostegno agli scambi commerciali e agli investimenti. Fornisce assistenza, consulenza e supporto finanziario, gestisce fondi venture capital, eroga contributi agli interessi, finanzia studi di fattibilit\u00e0 e altre iniziative per facilitare l\u2019espansione internazionale delle imprese italiane.<\/p>\n<p><strong><br \/>\nQuadro macroeconomico<br \/>\nDati aggiornati sull\u2019andamento dell\u2019economia italiana sono reperibili dalle fonti qui di seguito elencate.<\/strong><\/p>\n<p><strong>Banca d\u2019Italia\u00a0\u00a0\u00a0\u00a0\u00a0\u00a0\u00a0\u00a0\u00a0\u00a0\u00a0 <\/strong><br \/>\n<a href=\"https:\/\/www.bancaditalia.it\/homepage\/index.html?com.dotmarketing.htmlpage.language=102\"><strong>Sul sito web della Banca d\u2019Italia<\/strong><\/a>\u00a0\u00e8 presente il collegamento alla sezione pubblicazioni attraverso il quale si accede ai servizi di carattere economico e statistico e di politica monetaria sull\u2019Italia.<br \/>\nDi particolare interesse ai fini di un\u2019accurata ed aggiornata analisi sul quadro economico nazionale si segnala, in questa sezione, il Bollettino Economico che viene aggiornato dall\u2019Istituto a novembre e marzo di ogni anno.<\/p>\n<p><strong>ISTAT<\/strong><br \/>\n<a href=\"https:\/\/www.istat.it\/it\/\"><strong>L\u2019Istituto Nazionale di Statistica<\/strong><\/a>\u00a0fornisce dati aggiornati su tutti gli indicatori economici del paese.<\/p>\n<p><strong>Eurostat<\/strong><br \/>\n<a href=\"https:\/\/ec.europa.eu\/eurostat?etrans=it\"><strong>L\u2019Istituto Europeo di Statistica<\/strong><\/a>\u00a0fornisce dati aggiornati sui maggiori indicatori economici dei paesi UE.<\/p>\n","protected":false},"excerpt":{"rendered":"L\u2019Italia \u00e8 l\u2019ottava economia al mondo e il secondo Paese manifatturiero in Europa. Inoltre, l\u2019Italia costituisce il primo Paese per interscambio con la Turchia nell\u2019area del Mediterraneo e il secondo in Europa. Con una posizione strategica al centro del Mediterraneo, l\u2019Italia dispone di un know-how unico in moltissimi settori di punta, quali la meccanica, l\u2019automotive, [&hellip;]","protected":false},"author":3,"featured_media":0,"parent":73,"menu_order":4,"comment_status":"closed","ping_status":"closed","template":"","meta":{"footnotes":""},"class_list":["post-178","page","type-page","status-publish","hentry"],"_links":{"self":[{"href":"https:\/\/ambankara.esteri.it\/it\/wp-json\/wp\/v2\/pages\/178","targetHints":{"allow":["GET"]}}],"collection":[{"href":"https:\/\/ambankara.esteri.it\/it\/wp-json\/wp\/v2\/pages"}],"about":[{"href":"https:\/\/ambankara.esteri.it\/it\/wp-json\/wp\/v2\/types\/page"}],"author":[{"embeddable":true,"href":"https:\/\/ambankara.esteri.it\/it\/wp-json\/wp\/v2\/users\/3"}],"replies":[{"embeddable":true,"href":"https:\/\/ambankara.esteri.it\/it\/wp-json\/wp\/v2\/comments?post=178"}],"version-history":[{"count":1,"href":"https:\/\/ambankara.esteri.it\/it\/wp-json\/wp\/v2\/pages\/178\/revisions"}],"predecessor-version":[{"id":4541,"href":"https:\/\/ambankara.esteri.it\/it\/wp-json\/wp\/v2\/pages\/178\/revisions\/4541"}],"up":[{"embeddable":true,"href":"https:\/\/ambankara.esteri.it\/it\/wp-json\/wp\/v2\/pages\/73"}],"wp:attachment":[{"href":"https:\/\/ambankara.esteri.it\/it\/wp-json\/wp\/v2\/media?parent=178"}],"curies":[{"name":"wp","href":"https:\/\/api.w.org\/{rel}","templated":true}]}}