{"id":1616,"date":"2023-06-15T10:14:36","date_gmt":"2023-06-15T08:14:36","guid":{"rendered":"https:\/\/ambankara.esteri.it\/?page_id=1616"},"modified":"2024-08-07T13:57:58","modified_gmt":"2024-08-07T11:57:58","slug":"incontri","status":"publish","type":"page","link":"https:\/\/ambankara.esteri.it\/it\/italia-e-turchia\/incontri\/","title":{"rendered":"Incontri"},"content":{"rendered":"<p><strong>Incontri<\/strong><\/p>\n<p><img loading=\"lazy\" decoding=\"async\" class=\"alignnone wp-image-1744 img-fluid\" src=\"https:\/\/ambankara.esteri.it\/wp-content\/uploads\/2023\/07\/meloni-erdogan-scaled-2.jpg\" alt=\"\" width=\"1014\" height=\"738\" srcset=\"https:\/\/ambankara.esteri.it\/wp-content\/uploads\/2023\/07\/meloni-erdogan-scaled-2.jpg 1920w, https:\/\/ambankara.esteri.it\/wp-content\/uploads\/2023\/07\/meloni-erdogan-scaled-2-300x218.jpg 300w, https:\/\/ambankara.esteri.it\/wp-content\/uploads\/2023\/07\/meloni-erdogan-scaled-2-1024x746.jpg 1024w, https:\/\/ambankara.esteri.it\/wp-content\/uploads\/2023\/07\/meloni-erdogan-scaled-2-768x559.jpg 768w\" sizes=\"auto, (max-width: 1014px) 100vw, 1014px\" \/><\/p>\n<p><em>\u00a0<\/em><\/p>\n<p><strong>PRINCIPALI INCONTRI BILATERALI NELL\u2019ULTIMO BIENNIO<\/strong><\/p>\n<p><strong><u>2021<\/u><\/strong><\/p>\n<p><span style=\"text-decoration: underline;\">17 marzo<\/span><\/p>\n<p>Consultazioni bilaterali tra il Segretario Generale Belloni e il Vice Ministro degli Esteri turco Kaymakc\u0131 in VTC.<\/p>\n<p>&nbsp;<\/p>\n<p><span style=\"text-decoration: underline;\">11 giugno<\/span><\/p>\n<p>Incontro del Ministro della Difesa Guerini con l\u2019omologo turco Akar e l\u2019omologo inglese Wallace<\/p>\n<p>(Augusta).<\/p>\n<p>&nbsp;<\/p>\n<p><span style=\"text-decoration: underline;\">13 luglio<\/span><\/p>\n<p>Incontro del Ministro della Difesa Guerini con l\u2019omologo turco Akar (Istanbul).<\/p>\n<p>&nbsp;<\/p>\n<p><span style=\"text-decoration: underline;\">30 ottobre<\/span><\/p>\n<p>Incontro del PdC Draghi con il Presidente turco Erdo\u011fan al Vertice G20 a Roma.<\/p>\n<p>&nbsp;<\/p>\n<p><span style=\"text-decoration: underline;\">18 novembre<\/span><\/p>\n<p>Incontro del Ministro dell\u2019Interno Lamorgese con l\u2019omologo turco Soylu (Roma).<\/p>\n<p>&nbsp;<\/p>\n<p><strong><u>2022<\/u><\/strong><\/p>\n<p>&nbsp;<\/p>\n<p><span style=\"text-decoration: underline;\">4 marzo<\/span><\/p>\n<p>Consultazioni bilaterali del Segretario Generale Amb. Sequi con il Vice Ministro degli Esteri Kaymakc\u0131 in VTC.<\/p>\n<p>&nbsp;<\/p>\n<p><span style=\"text-decoration: underline;\">11 marzo<\/span><\/p>\n<p>Visita del Ministro Di Maio ad Antalya in occasione dell\u2019Antalya Diplomacy Forum ed incontro con l\u2019omologo Cavusoglu.<\/p>\n<p>&nbsp;<\/p>\n<p><span style=\"text-decoration: underline;\">21 marzo<\/span><\/p>\n<p>Colloquio telefonico del Ministro degli Esteri Di Maio con l&#8217;omologo turco, \u00c7avu\u015fo\u011flu.<\/p>\n<p>&nbsp;<\/p>\n<p><span style=\"text-decoration: underline;\">24 marzo<\/span><\/p>\n<p>Incontro del PdC Draghi con il Presidente turco Erdo\u011fan a margine del Vertice Straordinario dei Capi di Stato e di Governo della NATO (Bruxelles).<\/p>\n<p>&nbsp;<\/p>\n<p><span style=\"text-decoration: underline;\">6 aprile<\/span><\/p>\n<p>Incontro del Ministro Di Maio con l\u2019omologo turco Cavusoglu a Bruxelles a margine della riunione dei Ministri degli Esteri della NATO (Bruxelles).<\/p>\n<p>&nbsp;<\/p>\n<p><span style=\"text-decoration: underline;\">6 aprile<\/span><\/p>\n<p>Incontro del Ministro dell\u2019Interno Lamorgese con omologo turco Soylu (Ankara).<\/p>\n<p>&nbsp;<\/p>\n<p><span style=\"text-decoration: underline;\">8 aprile<\/span><\/p>\n<p>Incontro trilaterale del Ministro della Difesa Guerini con l\u2019omologo turco Akar e l\u2019omologo inglese Wallace (Istanbul).<\/p>\n<p>&nbsp;<\/p>\n<p><span style=\"text-decoration: underline;\">13 aprile<\/span><\/p>\n<p>Consultazioni del Segretario Generale Amb. Sequi con il Vice Ministro degli Esteri turco \u00d6nal, ed incontri con il portavoce presidenziale Kalin e con il Vice Minsitro degli Esteri Kaymakc\u0131 (Ankara).<\/p>\n<p>&nbsp;<\/p>\n<p><span style=\"text-decoration: underline;\">20 aprile<\/span><\/p>\n<p>Incontro del Ministro dell\u2019Economia Franco con l\u2019omologo turco Nebati, a margine degli <em>spring meetings<\/em> del Fondo Monetario Internazionale e della Banca Mondiale.<\/p>\n<p>&nbsp;<\/p>\n<p><span style=\"text-decoration: underline;\">5 luglio<\/span><\/p>\n<p>3\u00b0 Vertice intergovernativo Italia-Turchia, co-presieduto dal Presidente del Consiglio Draghi e dal Presidente Erdo\u011fan con la partecipazione dei Ministri degli Affari Esteri, della Difesa Nazionale, dell\u2019Interno, del Commercio, dell\u2019Industria e della Tecnologia, dell\u2019Ambiente, dell\u2019Urbanizzazione e dei Cambiamenti Climatici (Ankara).<\/p>\n<p>&nbsp;<\/p>\n<p><span style=\"text-decoration: underline;\">13 settembre<\/span><\/p>\n<p>telefonata tra la Min. dell\u2019Interno Lamorgese e l\u2019omologo Soylu.<\/p>\n<p>&nbsp;<\/p>\n<p><span style=\"text-decoration: underline;\">2 novembre<\/span><\/p>\n<p>telefonata tra il MAE Tajani e l\u2019omologo \u00c7avu\u015fo\u011flu (primo contatto)<\/p>\n<p>&nbsp;<\/p>\n<p><span style=\"text-decoration: underline;\">16 novembre<\/span><\/p>\n<p>telefonata tra il MAE Tajani e il Min. del commercio turco Mu\u015f (primo contatto).<\/p>\n<p>&nbsp;<\/p>\n<p><span style=\"text-decoration: underline;\">17 novembre<\/span><\/p>\n<p>incontro a margine del G20 di Bali tra il PdC Meloni e il Presidente Erdo\u011fan (primo contatto).<\/p>\n<p>&nbsp;<\/p>\n<p><span style=\"text-decoration: underline;\">2 dicembre<\/span><\/p>\n<p>incontro a margine del Med Dialogues tra il MAE Tajani e l\u2019omologo turco \u00c7avu\u015fo\u011flu (Roma).<\/p>\n<p>&nbsp;<\/p>\n<p><strong><u>2023<\/u><\/strong><\/p>\n<p><span style=\"text-decoration: underline;\">13 gennaio<\/span><\/p>\n<p>Incontro del Vice Presidente del Consiglio \/ Ministro degli Affari Esteri e della Cooperazione Internazionale, On. Antonio Tajani, con l&#8217;omologo turco \u00c7avu\u015fo\u011flu (Ankara).<\/p>\n<p>&nbsp;<\/p>\n<p><span style=\"text-decoration: underline;\">16 gennaio<\/span><\/p>\n<p>Incontro del Ministro dell\u2019Interno Piantedosi con l&#8217;omologo turco Soylu (Ankara).<\/p>\n<p>&nbsp;<\/p>\n<p><span style=\"text-decoration: underline;\">16 febbraio<\/span><\/p>\n<p>telefonata tra il MAE Tajani e l\u2019omologo turco \u00c7avu\u015fo\u011flu.<\/p>\n<p>&nbsp;<\/p>\n<p><span style=\"text-decoration: underline;\">20 giugno<\/span><\/p>\n<p>incontro tra il MAE Tajani e l\u2019omologo turco Fidan (Londra).<\/p>\n<p>&nbsp;<\/p>\n<p><span style=\"text-decoration: underline;\">11 luglio<\/span><\/p>\n<p>Incontro del PdC Meloni con il Presidente turco Erdo\u011fan a margine del Vertice dei Capi di Stato e di Governo della NATO (Vilnius).<\/p>\n<p>&nbsp;<\/p>\n<p><span style=\"text-decoration: underline;\">18 luglio<\/span><\/p>\n<p>Incontro del Ministro dell\u2019Economia e delle Finanze Giorgetti con l\u2019omologo turco \u015eim\u015fek e con il Governatore della Banca centrale Erkan a margine della Riunione dei Ministri delle Finanze e dei Governatori delle Banche Centrali del G20 (Gandhinagar).<\/p>\n<p>&nbsp;<\/p>\n<p><span style=\"text-decoration: underline;\">20 luglio<\/span><\/p>\n<p>incontro tra MAE Tajani e l\u2019omologo Fidan a margine della Conferenza per la ricostruzione dell\u2019Ucraina (Londra).<\/p>\n<p>&nbsp;<\/p>\n<p><span style=\"text-decoration: underline;\">8 agosto<\/span><\/p>\n<p>telefonata tra MAE Tajani e l\u2019omologo Fidan.<\/p>\n<p>&nbsp;<\/p>\n<p><u>19 settembre<\/u><\/p>\n<p>Incontro del Vice Presidente del Consiglio \/ Ministro degli Affari Esteri e della Cooperazione Internazionale, On. Antonio Tajani, con l\u2019omologo turco Fidan a margine dell\u2019Assemblea Generale delle Nazioni Unite (New York).<\/p>\n<p>&nbsp;<\/p>\n<p><u>19 settembre<\/u><\/p>\n<p>Incontro del PdC Meloni con il Presidente turco Erdo\u011fan nell\u2019ambito dell\u2019Assemblea Generale delle Nazioni Unite (New York).<\/p>\n<p>&nbsp;<\/p>\n<p><span style=\"text-decoration: underline;\">27 novembre<\/span><\/p>\n<p>incontro tra il MAE Tajani e l\u2019omologo Fidan a margine dell\u2019Unione per il Mediterraneo (Barcellona).<\/p>\n<p>&nbsp;<\/p>\n<p>1\u00b0 <u>dicembre<\/u><\/p>\n<p>Incontro del PdC Meloni con il Presidente turco Erdo\u011fan a margine della Conferenza COP 28 (Dubai).<\/p>\n<p>&nbsp;<\/p>\n<p><strong><u>2024<\/u><\/strong><\/p>\n<p><span style=\"text-decoration: underline;\">20 gennaio<\/span><\/p>\n<p>Incontro del PdC Meloni con il Presidente turco Erdo\u011fan (Istanbul).<\/p>\n<p>&nbsp;<\/p>\n<p><span style=\"text-decoration: underline;\">17 febbraio<\/span><\/p>\n<p>incontro tra il Ministro Tajani e l\u2019omologo Fidan (Monaco di Baviera).<\/p>\n<p>&nbsp;<\/p>\n<p><span style=\"text-decoration: underline;\">5 marzo<\/span><\/p>\n<p>incontro tra il Ministro Crosetto e l\u2019omologo Yasar Guler (Ankara).<\/p>\n<p>&nbsp;<\/p>\n<p><span style=\"text-decoration: underline;\">21 marzo<\/span><\/p>\n<p>incontro tra il Ministro Tajani e l\u2019omologo Fidan (Bruxelles).<\/p>\n<p>&nbsp;<\/p>\n<p><span style=\"text-decoration: underline;\">16 luglio<\/span><\/p>\n<p>incontro tra il Ministro Tajani e il Ministro del Commercio Bolat a margine del G7 Commercio di Villa San Giovanni.<\/p>\n","protected":false},"excerpt":{"rendered":"Incontri \u00a0 PRINCIPALI INCONTRI BILATERALI NELL\u2019ULTIMO BIENNIO 2021 17 marzo Consultazioni bilaterali tra il Segretario Generale Belloni e il Vice Ministro degli Esteri turco Kaymakc\u0131 in VTC. &nbsp; 11 giugno Incontro del Ministro della Difesa Guerini con l\u2019omologo turco Akar e l\u2019omologo inglese Wallace (Augusta). &nbsp; 13 luglio Incontro del Ministro della Difesa Guerini con [&hellip;]","protected":false},"author":2,"featured_media":0,"parent":12,"menu_order":6,"comment_status":"closed","ping_status":"closed","template":"","meta":{"footnotes":""},"class_list":["post-1616","page","type-page","status-publish","hentry"],"_links":{"self":[{"href":"https:\/\/ambankara.esteri.it\/it\/wp-json\/wp\/v2\/pages\/1616","targetHints":{"allow":["GET"]}}],"collection":[{"href":"https:\/\/ambankara.esteri.it\/it\/wp-json\/wp\/v2\/pages"}],"about":[{"href":"https:\/\/ambankara.esteri.it\/it\/wp-json\/wp\/v2\/types\/page"}],"author":[{"embeddable":true,"href":"https:\/\/ambankara.esteri.it\/it\/wp-json\/wp\/v2\/users\/2"}],"replies":[{"embeddable":true,"href":"https:\/\/ambankara.esteri.it\/it\/wp-json\/wp\/v2\/comments?post=1616"}],"version-history":[{"count":5,"href":"https:\/\/ambankara.esteri.it\/it\/wp-json\/wp\/v2\/pages\/1616\/revisions"}],"predecessor-version":[{"id":4590,"href":"https:\/\/ambankara.esteri.it\/it\/wp-json\/wp\/v2\/pages\/1616\/revisions\/4590"}],"up":[{"embeddable":true,"href":"https:\/\/ambankara.esteri.it\/it\/wp-json\/wp\/v2\/pages\/12"}],"wp:attachment":[{"href":"https:\/\/ambankara.esteri.it\/it\/wp-json\/wp\/v2\/media?parent=1616"}],"curies":[{"name":"wp","href":"https:\/\/api.w.org\/{rel}","templated":true}]}}