{"id":1567,"date":"2023-06-08T09:11:10","date_gmt":"2023-06-08T07:11:10","guid":{"rendered":"https:\/\/ambankara.esteri.it\/?page_id=1567"},"modified":"2025-01-10T13:43:13","modified_gmt":"2025-01-10T12:43:13","slug":"ingresso-in-turchia","status":"publish","type":"page","link":"https:\/\/ambankara.esteri.it\/it\/servizi-consolari-e-visti\/servizi-per-il-cittadino-italiano\/ingresso-in-turchia\/","title":{"rendered":"Ingresso in Turchia"},"content":{"rendered":"<p style=\"text-align: justify;\"><strong>DOCUMENTI DI VIAGGIO<\/strong><\/p>\n<p style=\"text-align: justify;\">Per entrare in Turchia \u00e8 necessario <strong>il passaporto o la carta di identit\u00e0<\/strong> valida per l&#8217;espatrio, con <strong>almeno cinque mesi di validit\u00e0 residua<\/strong>.<\/p>\n<ul style=\"text-align: justify;\">\n<li style=\"text-align: justify;\">E\u2019 consentito l\u2019ingresso con la sola <strong>carta di identit\u00e0 valida per l\u2019espatrio, cartacea o elettronica, in condizioni di perfetta integrit\u00e0 e con una validit\u00e0 residua di almeno 5 mesi<\/strong>, per coloro che:<br \/>\n&#8211; entrano in Turchia attraverso tutte le frontiere, per via aerea e marittima;<br \/>\n&#8211; entrano in Turchia, dal confine greco e bulgaro, per via ferroviaria e per via terra.<\/li>\n<li style=\"text-align: justify;\">E\u2019 invece assolutamente necessario il <strong>passaporto<\/strong>, in condizioni di perfetta integrit\u00e0 e con una validit\u00e0 residua di almeno 5 mesi, per coloro che entrano nel Paese, per via terra e ferroviaria, dai confini del sud-est ed est della Turchia, ovvero dalle frontiere con la Georgia, l\u2019Azerbaigian \u2013 exclave del Nakhicevan, l\u2019Iran, l\u2019Iraq e la Siria.<br \/>\nIn ogni caso, il passaporto deve avere almeno una pagina libera, per l\u2019apposizione dei timbri di entrata ed uscita.<\/li>\n<\/ul>\n<p style=\"text-align: justify;\"><span style=\"text-decoration: underline;\">Ai titolari di documenti che non presentino le sopra citate caratteristiche non sar\u00e0 consentito l\u2019ingresso nel Paese<\/span>. Si segnala che non sempre \u00e8 consentito, quando fermati per respingimento in frontiera, contattare il proprio Consolato\/Ambasciata.<br \/>\nPer eventuali variazioni alla normativa relativa alla validit\u00e0 residua richiesta del passaporto si consiglia di informarsi preventivamente presso l\u2019Ambasciata o il Consolato del Paese presente in Italia o presso il proprio Agente di viaggio.<\/p>\n<p style=\"text-align: justify;\">In caso di violazione della normativa si segnala che sono previste sanzioni pecuniarie al momento dell\u2019uscita dal Paese; in taluni casi pu\u00f2 intervenire l\u2019espulsione con divieto di reingresso.<br \/>\n<strong>Si raccomanda altres\u00ec di controllare sempre che il timbro venga apposto sia all\u2019ingresso, sia all\u2019uscita dal territorio turco. Si segnala, in particolare, che in caso di viaggi in mare dalla Turchia alle vicine isole greche e di ritorno sul territorio turco, la mancata apposizione del timbro di ingresso \u00e8 considerata a tutti gli effetti ingresso illegale in Turchia, con conseguente espulsione e divieto di reingresso.<\/strong><br \/>\nSi segnala infine che le richieste di ingresso da parte di stranieri che non presentino pagine vuote nei loro passaporti o documenti equivalenti verranno respinte.<\/p>\n<p style=\"text-align: justify;\"><strong>VISTO DI INGRESSO<\/strong><\/p>\n<p style=\"text-align: justify;\"><strong>Il visto di ingresso non \u00e8 necessario per motivi turistici per soggiorni inferiori a 90 giorni<\/strong>.<br \/>\nSi segnala invece che per viaggi con finalit\u00e0 diverse dal turismo e comunque per rimanere pi\u00f9 di 90 giorni nell\u2019arco di 180 giorni rimane l\u2019obbligo del visto, cos\u00ec come in caso di precedenti respingimenti alla frontiera turca o precedente espulsione (anche in questi casi \u00e8 assolutamente necessario contattare previamente le Rappresentanze turche all\u2019estero).<br \/>\nI cittadini italiani che intendano risiedere o lavorare in Turchia dovranno ottenere il necessario visto e, una volta entrati in Turchia, richiedere quanto prima il pertinente permesso di soggiorno, se previsto.<br \/>\nDal 5 gennaio 2016 le richieste per tutte le tipologie di visto dovranno essere effettuate attraverso il sito web <a href=\"https:\/\/www.konsolosluk.gov.tr\/Visa\/Index\">https:\/\/www.konsolosluk.gov.tr\/Visa\/Index<\/a>\u00a0. Tramite il citato portale i richiedenti dovranno compilare il formulario on-line, caricare i documenti richiesti e richiedere un appuntamento presso la sede consolare di competenza per presentare i documenti originali. E\u2019 inoltre obbligatorio il possesso di un\u2019adeguata copertura assicurativa sanitaria per eventuali spese mediche necessarie durante il soggiorno nel Paese.<br \/>\nUlteriori informazioni sono disponibili sul sito: <a href=\"http:\/\/www.mfa.gov.tr\/vize-genel-bilgileri.tr.mfa\">www.mfa.gov.tr\/vize-genel-bilgileri.tr.mfa<\/a> . Si consiglia in ogni caso di rivolgersi alle rappresentanze diplomatiche-consolari turche in Italia (o nel Paese di residenza) per eventuali informazioni di dettaglio o chiarimenti.<\/p>\n<p style=\"text-align: justify;\"><strong>ACCREDITAMENTO TEMPORANEO PER I GIORNALISTI <\/strong><\/p>\n<p style=\"text-align: justify;\">Si ricorda che, per esercitare anche temporaneamente attivit\u00e0 giornalistiche in Turchia (fino a 3 mesi), occorre ottenere un accreditamento temporaneo dalla Direzione per le Comunicazioni (Directorate of Communications, Iletisim Baskanligi) della Presidenza della Repubblica di Turchia. Maggiori informazioni a <a href=\"https:\/\/www.iletisim.gov.tr\/english\/temporary-accreditation\">questo link<\/a><br \/>\nSi suggerisce di ottenere il permesso preventivamente per non incorrere in sanzioni da parte delle autorit\u00e0 turche. Per ulteriori informazioni si consiglia di rivolgersi direttamente ad una delle Rappresentanze consolari\/diplomatiche turche in Italia.<\/p>\n<p style=\"text-align: justify;\"><strong>VIAGGIARE CON ANIMALI<\/strong><\/p>\n<p style=\"text-align: justify;\">In linea generale, un visitatore pu\u00f2 importare un cane o un gatto, purch\u00e9 sia accompagnato da un certificato di buona salute rilasciato (da non pi\u00f9 di 15 giorni) da un veterinario che attesti che all&#8217;animale \u00e8 stato somministrato il vaccino antirabbico nel periodo compreso tra 6 mesi e 14 giorni antecedenti. Detto certificato deve essere redatto o tradotto in lingua turca, oppure vidimato da un consolato turco.<\/p>\n<p style=\"text-align: justify;\"><strong>FORMALITA&#8217; DOGANALI E VALUTARIE<\/strong><\/p>\n<p style=\"text-align: justify;\">Per i visitatori temporanei non sono previste restrizioni all\u2019importazione di valuta straniera.<br \/>\nAl fine di non incorrere in pesanti ammende occorre evitare l\u2019acquisto, al di fuori dei normali circuiti commerciali di: coralli, pesci fossili e oggetti di antiquariato.<br \/>\nLe merci importate nel Paese, via terra o area, devono essere sdoganate entro 20 giorni; le merci importate via mare devono essere sdoganate entro 45 giorni. Allo scadere di tali termini le merci vengono nazionalizzate o vendute all\u2019asta dallo Stato.<\/p>\n","protected":false},"excerpt":{"rendered":"DOCUMENTI DI VIAGGIO Per entrare in Turchia \u00e8 necessario il passaporto o la carta di identit\u00e0 valida per l&#8217;espatrio, con almeno cinque mesi di validit\u00e0 residua. E\u2019 consentito l\u2019ingresso con la sola carta di identit\u00e0 valida per l\u2019espatrio, cartacea o elettronica, in condizioni di perfetta integrit\u00e0 e con una validit\u00e0 residua di almeno 5 mesi, [&hellip;]","protected":false},"author":10,"featured_media":0,"parent":75,"menu_order":0,"comment_status":"closed","ping_status":"closed","template":"","meta":{"footnotes":""},"class_list":["post-1567","page","type-page","status-publish","hentry"],"_links":{"self":[{"href":"https:\/\/ambankara.esteri.it\/it\/wp-json\/wp\/v2\/pages\/1567","targetHints":{"allow":["GET"]}}],"collection":[{"href":"https:\/\/ambankara.esteri.it\/it\/wp-json\/wp\/v2\/pages"}],"about":[{"href":"https:\/\/ambankara.esteri.it\/it\/wp-json\/wp\/v2\/types\/page"}],"author":[{"embeddable":true,"href":"https:\/\/ambankara.esteri.it\/it\/wp-json\/wp\/v2\/users\/10"}],"replies":[{"embeddable":true,"href":"https:\/\/ambankara.esteri.it\/it\/wp-json\/wp\/v2\/comments?post=1567"}],"version-history":[{"count":1,"href":"https:\/\/ambankara.esteri.it\/it\/wp-json\/wp\/v2\/pages\/1567\/revisions"}],"predecessor-version":[{"id":5592,"href":"https:\/\/ambankara.esteri.it\/it\/wp-json\/wp\/v2\/pages\/1567\/revisions\/5592"}],"up":[{"embeddable":true,"href":"https:\/\/ambankara.esteri.it\/it\/wp-json\/wp\/v2\/pages\/75"}],"wp:attachment":[{"href":"https:\/\/ambankara.esteri.it\/it\/wp-json\/wp\/v2\/media?parent=1567"}],"curies":[{"name":"wp","href":"https:\/\/api.w.org\/{rel}","templated":true}]}}