{"id":10,"date":"2023-05-01T08:00:51","date_gmt":"2023-05-01T06:00:51","guid":{"rendered":"https:\/\/ambankara.esteri.it\/?page_id=10"},"modified":"2026-01-22T07:21:52","modified_gmt":"2026-01-22T06:21:52","slug":"chi-siamo","status":"publish","type":"page","link":"https:\/\/ambankara.esteri.it\/it\/chi-siamo\/","title":{"rendered":"Chi siamo"},"content":{"rendered":"<p><img loading=\"lazy\" decoding=\"async\" class=\"alignnone size-large wp-image-2100 img-fluid\" src=\"https:\/\/ambankara.esteri.it\/wp-content\/uploads\/2023\/11\/IMG_4534-1024x700.jpg\" alt=\"\" width=\"640\" height=\"438\" srcset=\"https:\/\/ambankara.esteri.it\/wp-content\/uploads\/2023\/11\/IMG_4534-1024x700.jpg 1024w, https:\/\/ambankara.esteri.it\/wp-content\/uploads\/2023\/11\/IMG_4534-300x205.jpg 300w, https:\/\/ambankara.esteri.it\/wp-content\/uploads\/2023\/11\/IMG_4534-768x525.jpg 768w, https:\/\/ambankara.esteri.it\/wp-content\/uploads\/2023\/11\/IMG_4534.jpg 1920w\" sizes=\"auto, (max-width: 640px) 100vw, 640px\" \/><\/p>\n<p>L&#8217;Ambasciata d&#8217;Italia ad Ankara si trova in un ampio terreno demaniale che si affaccia su Atat\u00fcrk Bulvar\u0131, una delle principali arterie di comunicazione della capitale e sede di molte altre Ambasciate. Il Capo missione \u00e8 l\u2019Ambasciatore Giuseppe Manzo.<br \/>\nIn base alla Convenzione di Vienna sulle relazioni diplomatiche del 18 aprile 1961, l&#8217;Ambasciata svolge le funzioni di:<br \/>\n\u2022rappresentare l\u2019Italia in Turchia;<br \/>\n\u2022proteggere gli interessi dell\u2019Italia e dei suoi cittadini, nei limiti ammessi dal diritto internazionale;<br \/>\n\u2022negoziare con il governo Turco;<br \/>\n\u2022informarsi, con ogni mezzo lecito, delle condizioni e dell\u2019evoluzione degli avvenimenti in Turchia e riferire allo Stato italiano;<br \/>\n\u2022promuovere relazioni amichevoli e sviluppare le relazioni economiche, culturali e scientifiche tra l\u2019Italia e la Turchia.<\/p>\n<p class=\"boxLevel03\">L\u2019Ambasciata coordina una rete composta da due Consolati, il\u00a0<a href=\"https:\/\/consistanbul.esteri.it\/it\/\">Consolato Generale ad Istanbul\u00a0\u00a0<\/a>e il\u00a0<a href=\"https:\/\/consizmir.esteri.it\/it\/\">Consolato a Smirne\u00a0\u00a0<\/a>e dall&#8217;\u00a0<a href=\"http:\/\/iicistanbul.esteri.it\/it\/\">Istituto Italiano di Cultura ad Istanbul<\/a>.<\/p>\n<p>Ad Istanbul si trova anche lo\u00a0<a href=\"https:\/\/ambankara.esteri.it\/wp-content\/uploads\/resource\/doc\/2015\/11\/palazzo_di_venezia_ita.pdf\">storico Palazzo di Venezia<\/a>, ex Ambasciata della Serenissima ed attuale residenza in loco dell&#8217;Ambasciatore d&#8217;Italia ad Ankara.<br \/>\nLo staff dell\u2019Ambasciata, articolato in diversi uffici, \u00e8 composto sia da personale del Ministero degli Esteri e della Cooperazione Internazionale italiano che di altri Ministeri ed organismi pubblici italiani.<br \/>\nAttraverso la sua Cancelleria Consolare, l\u2019Ambasciata d\u2019Italia ad Ankara fornisce inoltre una serie di servizi consolari ai cittadini italiani e stranieri residenti\u00a0<a href=\"https:\/\/ambankara.esteri.it\/it\/chi-siamo\/la-rete-consolare\/\">nel territorio della sua circoscrizione<\/a>.<\/p>\n<p><a href=\"https:\/\/ambankara.esteri.it\/it\/chi-siamo\/contatti\"><img decoding=\"async\" class=\"alignnone size-medium wp-image-38 img-fluid\" src=\"https:\/\/ambankara.esteri.it\/wp-content\/uploads\/2022\/11\/comeraggiungerci_Ankara.png\" alt=\"Come raggiungerci ad Ankara\" width=\"700\" srcset=\"https:\/\/ambankara.esteri.it\/wp-content\/uploads\/2022\/11\/comeraggiungerci_Ankara.png 1083w, https:\/\/ambankara.esteri.it\/wp-content\/uploads\/2022\/11\/comeraggiungerci_Ankara-300x175.png 300w, https:\/\/ambankara.esteri.it\/wp-content\/uploads\/2022\/11\/comeraggiungerci_Ankara-1024x596.png 1024w, https:\/\/ambankara.esteri.it\/wp-content\/uploads\/2022\/11\/comeraggiungerci_Ankara-768x447.png 768w\" sizes=\"(max-width: 1083px) 100vw, 1083px\" \/><\/a><\/p>\n","protected":false},"excerpt":{"rendered":"L&#8217;Ambasciata d&#8217;Italia ad Ankara si trova in un ampio terreno demaniale che si affaccia su Atat\u00fcrk Bulvar\u0131, una delle principali arterie di comunicazione della capitale e sede di molte altre Ambasciate. Il Capo missione \u00e8 l\u2019Ambasciatore Giuseppe Manzo. In base alla Convenzione di Vienna sulle relazioni diplomatiche del 18 aprile 1961, l&#8217;Ambasciata svolge le funzioni [&hellip;]","protected":false},"author":2,"featured_media":0,"parent":0,"menu_order":0,"comment_status":"closed","ping_status":"closed","template":"","meta":{"footnotes":""},"class_list":["post-10","page","type-page","status-publish","hentry"],"_links":{"self":[{"href":"https:\/\/ambankara.esteri.it\/it\/wp-json\/wp\/v2\/pages\/10","targetHints":{"allow":["GET"]}}],"collection":[{"href":"https:\/\/ambankara.esteri.it\/it\/wp-json\/wp\/v2\/pages"}],"about":[{"href":"https:\/\/ambankara.esteri.it\/it\/wp-json\/wp\/v2\/types\/page"}],"author":[{"embeddable":true,"href":"https:\/\/ambankara.esteri.it\/it\/wp-json\/wp\/v2\/users\/2"}],"replies":[{"embeddable":true,"href":"https:\/\/ambankara.esteri.it\/it\/wp-json\/wp\/v2\/comments?post=10"}],"version-history":[{"count":6,"href":"https:\/\/ambankara.esteri.it\/it\/wp-json\/wp\/v2\/pages\/10\/revisions"}],"predecessor-version":[{"id":7213,"href":"https:\/\/ambankara.esteri.it\/it\/wp-json\/wp\/v2\/pages\/10\/revisions\/7213"}],"wp:attachment":[{"href":"https:\/\/ambankara.esteri.it\/it\/wp-json\/wp\/v2\/media?parent=10"}],"curies":[{"name":"wp","href":"https:\/\/api.w.org\/{rel}","templated":true}]}}